{"id":944,"date":"2025-01-16T01:04:43","date_gmt":"2025-01-16T01:04:43","guid":{"rendered":"https:\/\/dastousprivatewealth.ca\/?page_id=944"},"modified":"2025-02-20T12:55:11","modified_gmt":"2025-02-20T12:55:11","slug":"terms-of-service","status":"publish","type":"page","link":"https:\/\/dastousprivatewealth.ca\/fr\/terms-of-service\/","title":{"rendered":"Conditions d\u2019utilisation"},"content":{"rendered":"<div data-elementor-type=\"wp-page\" data-elementor-id=\"944\" class=\"elementor elementor-944\" data-elementor-post-type=\"page\">\n\t\t\t\t\t\t<section class=\"elementor-section elementor-top-section elementor-element elementor-element-7cc9ade elementor-section-boxed elementor-section-height-default elementor-section-height-default\" data-id=\"7cc9ade\" data-element_type=\"section\" data-e-type=\"section\" data-settings=\"{&quot;background_background&quot;:&quot;classic&quot;}\">\n\t\t\t\t\t\t<div class=\"elementor-container elementor-column-gap-default\">\n\t\t\t\t\t<div class=\"elementor-column elementor-col-100 elementor-top-column elementor-element elementor-element-167deae\" data-id=\"167deae\" data-element_type=\"column\" data-e-type=\"column\">\n\t\t\t<div class=\"elementor-widget-wrap elementor-element-populated\">\n\t\t\t\t\t\t<div class=\"elementor-element elementor-element-e52d352 elementor-widget elementor-widget-spacer\" data-id=\"e52d352\" data-element_type=\"widget\" data-e-type=\"widget\" data-widget_type=\"spacer.default\">\n\t\t\t\t<div class=\"elementor-widget-container\">\n\t\t\t\t\t\t\t<div class=\"elementor-spacer\">\n\t\t\t<div class=\"elementor-spacer-inner\"><\/div>\n\t\t<\/div>\n\t\t\t\t\t\t<\/div>\n\t\t\t\t<\/div>\n\t\t\t\t\t<\/div>\n\t\t<\/div>\n\t\t\t\t\t<\/div>\n\t\t<\/section>\n\t\t\t\t<section class=\"elementor-section elementor-top-section elementor-element elementor-element-f30186d elementor-section-full_width elementor-section-height-default elementor-section-height-default\" data-id=\"f30186d\" data-element_type=\"section\" data-e-type=\"section\" data-settings=\"{&quot;background_background&quot;:&quot;classic&quot;}\">\n\t\t\t\t\t\t<div class=\"elementor-container elementor-column-gap-no\">\n\t\t\t\t\t<div class=\"elementor-column elementor-col-100 elementor-top-column elementor-element elementor-element-1dca37c\" data-id=\"1dca37c\" data-element_type=\"column\" data-e-type=\"column\">\n\t\t\t<div class=\"elementor-widget-wrap elementor-element-populated\">\n\t\t\t\t\t\t<section class=\"elementor-section elementor-inner-section elementor-element elementor-element-22d70dd elementor-section-full_width elementor-section-height-default elementor-section-height-default\" data-id=\"22d70dd\" data-element_type=\"section\" data-e-type=\"section\">\n\t\t\t\t\t\t<div class=\"elementor-container elementor-column-gap-no\">\n\t\t\t\t\t<div class=\"elementor-column elementor-col-100 elementor-inner-column elementor-element elementor-element-431a109\" data-id=\"431a109\" data-element_type=\"column\" data-e-type=\"column\" data-settings=\"{&quot;background_background&quot;:&quot;classic&quot;}\">\n\t\t\t<div class=\"elementor-widget-wrap elementor-element-populated\">\n\t\t\t\t\t<div class=\"elementor-background-overlay\"><\/div>\n\t\t\t\t\t\t<div class=\"elementor-element elementor-element-b622768 elementor-widget elementor-widget-heading\" data-id=\"b622768\" data-element_type=\"widget\" data-e-type=\"widget\" data-widget_type=\"heading.default\">\n\t\t\t\t<div class=\"elementor-widget-container\">\n\t\t\t\t\t<h2 class=\"elementor-heading-title elementor-size-default\">Conditions d\u2019utilisation<\/h2>\t\t\t\t<\/div>\n\t\t\t\t<\/div>\n\t\t\t\t\t<\/div>\n\t\t<\/div>\n\t\t\t\t\t<\/div>\n\t\t<\/section>\n\t\t\t\t\t<\/div>\n\t\t<\/div>\n\t\t\t\t\t<\/div>\n\t\t<\/section>\n\t\t\t\t<section class=\"elementor-section elementor-top-section elementor-element elementor-element-044bef8 elementor-section-boxed elementor-section-height-default elementor-section-height-default\" data-id=\"044bef8\" data-element_type=\"section\" data-e-type=\"section\">\n\t\t\t\t\t\t<div class=\"elementor-container elementor-column-gap-default\">\n\t\t\t\t\t<div class=\"elementor-column elementor-col-100 elementor-top-column elementor-element elementor-element-f4fe99a\" data-id=\"f4fe99a\" data-element_type=\"column\" data-e-type=\"column\">\n\t\t\t<div class=\"elementor-widget-wrap elementor-element-populated\">\n\t\t\t\t\t\t<div class=\"elementor-element elementor-element-5e84a3d elementor-widget elementor-widget-text-editor\" data-id=\"5e84a3d\" data-element_type=\"widget\" data-e-type=\"widget\" data-widget_type=\"text-editor.default\">\n\t\t\t\t<div class=\"elementor-widget-container\">\n\t\t\t\t\t\t\t\t\t<p><strong>1. Introduction<\/strong><\/p><p>Bienvenue sur le site Web de D\u2019Astous Private Wealth (\u00ab nous \u00bb). En acc\u00e9dant \u00e0 notre site Web (www.dastousprivatewealth.ca), vous acceptez de respecter et d\u2019\u00eatre li\u00e9 par les pr\u00e9sentes Conditions g\u00e9n\u00e9rales. Si vous n\u2019acceptez pas une partie de ces conditions, veuillez ne pas utiliser notre site Web.<\/p><p>\u00a0<\/p><p><strong>2. Utilisation du site Web<\/strong><\/p><ul><li>Utilisation autoris\u00e9e : Vous acceptez d\u2019utiliser ce site Web uniquement \u00e0 des fins l\u00e9gales et d\u2019une mani\u00e8re qui ne porte pas atteinte aux droits d\u2019autrui ni ne restreint ou emp\u00eache leur utilisation du site.<\/li><li>Activit\u00e9s interdites : Vous ne devez pas :<ul><li>Utiliser le site Web \u00e0 des fins frauduleuses ou ill\u00e9gales<\/li><li>Tenter d\u2019acc\u00e9der sans autorisation \u00e0 une partie du site<\/li><li>Distribuer des virus ou tout autre code malveillant<\/li><li>Utiliser des syst\u00e8mes automatis\u00e9s (ex. : bots, scrapers) pour acc\u00e9der au site ou collecter des donn\u00e9es<\/li><\/ul><\/li><\/ul><p>\u00a0<\/p><p><strong>3. Droits de propri\u00e9t\u00e9 intellectuelle<\/strong><\/p><p>Tout le contenu de ce site Web, y compris, sans s\u2019y limiter, les textes, images, graphiques, logos et \u00e9l\u00e9ments de design, est la propri\u00e9t\u00e9 intellectuelle de D\u2019Astous Private Wealth ou de ses conc\u00e9dants de licence et est prot\u00e9g\u00e9 par les lois applicables sur le droit d\u2019auteur et les marques de commerce. Vous ne pouvez pas reproduire, distribuer ou cr\u00e9er des \u0153uvres d\u00e9riv\u00e9es sans autorisation \u00e9crite pr\u00e9alable.<\/p><p>\u00a0<\/p><p><strong>4. Clause de non-responsabilit\u00e9<\/strong><\/p><p>Le contenu de ce site Web est fourni \u00ab tel quel \u00bb sans aucune garantie, expresse ou implicite. Nous ne garantissons pas l\u2019exactitude, l\u2019exhaustivit\u00e9 ou la fiabilit\u00e9 des informations fournies. L\u2019utilisation de ce site Web se fait \u00e0 vos propres risques.<\/p><p>\u00a0<\/p><p><strong>5. Limitation de responsabilit\u00e9<\/strong><\/p><p>Dans la mesure permise par la loi, D\u2019Astous Private Wealth ne pourra \u00eatre tenu responsable des dommages directs, indirects, accessoires, cons\u00e9cutifs ou punitifs d\u00e9coulant de votre utilisation de ce site Web ou de votre confiance en son contenu.<\/p><p>\u00a0<\/p><p><strong>6. Liens externes<\/strong><\/p><p>Notre site Web peut contenir des liens vers des sites Web tiers. Nous ne sommes pas responsables du contenu, de l\u2019exactitude ou des pratiques de ces sites externes. L\u2019acc\u00e8s \u00e0 ces sites se fait \u00e0 vos propres risques.<\/p><p>\u00a0<\/p><p><strong style=\"font-family: -apple-system, BlinkMacSystemFont, 'Segoe UI', Roboto, 'Helvetica Neue', Arial, 'Noto Sans', sans-serif, 'Apple Color Emoji', 'Segoe UI Emoji', 'Segoe UI Symbol', 'Noto Color Emoji';\">7. Contenu g\u00e9n\u00e9r\u00e9 par les utilisateurs<\/strong><\/p><p>Si vous soumettez ou t\u00e9l\u00e9versez du contenu sur notre site Web, vous nous accordez une licence non exclusive et libre de redevance pour utiliser, reproduire, modifier et afficher ce contenu \u00e0 des fins commerciales. Vous \u00eates seul responsable du contenu que vous fournissez.<\/p><p><strong>\u00a0<\/strong><\/p><p><strong>8. Politique de confidentialit\u00e9<\/strong><\/p><p>Notre utilisation des renseignements personnels est r\u00e9gie par notre Politique de confidentialit\u00e9. En utilisant notre site Web, vous consentez \u00e0 la collecte et \u00e0 l\u2019utilisation de vos renseignements comme d\u00e9crit dans cette politique.<\/p><p><strong>\u00a0<\/strong><\/p><p><strong>9. Modifications des conditions g\u00e9n\u00e9rales<\/strong><\/p><p>Nous nous r\u00e9servons le droit de modifier ou de mettre \u00e0 jour ces Conditions g\u00e9n\u00e9rales \u00e0 tout moment et sans pr\u00e9avis. La version la plus r\u00e9cente sera publi\u00e9e sur cette page, avec la date de la derni\u00e8re mise \u00e0 jour clairement indiqu\u00e9e.<\/p>\t\t\t\t\t\t\t\t<\/div>\n\t\t\t\t<\/div>\n\t\t\t\t\t<\/div>\n\t\t<\/div>\n\t\t\t\t\t<\/div>\n\t\t<\/section>\n\t\t\t\t<\/div>","protected":false},"excerpt":{"rendered":"<p>Terms of Service 1. Introduction Welcome to D\u2019Astous Private Wealth (\u201cwe\u201d). By accessing or using our website (www.dastousprivatewealth.ca), you agree to comply with and be bound by these Terms and Conditions. If you do not agree with any part of these terms, please refrain from using our website. 2. Use of the Website Permitted Use: [&hellip;]<\/p>\n","protected":false},"author":1,"featured_media":938,"parent":0,"menu_order":0,"comment_status":"closed","ping_status":"closed","template":"","meta":{"inline_featured_image":false,"footnotes":""},"class_list":["post-944","page","type-page","status-publish","has-post-thumbnail","hentry"],"yoast_head":"<!-- This site is optimized with the Yoast SEO plugin v27.5 - https:\/\/yoast.com\/product\/yoast-seo-wordpress\/ -->\n<title>Terms of Service - D&rsquo;Astous Private Wealth<\/title>\n<meta name=\"description\" content=\"Review the terms of service for D\u2019Astous Private Wealth, outlining our policies, agreements, and guidelines for using our services.\" \/>\n<meta name=\"robots\" content=\"index, follow, max-snippet:-1, max-image-preview:large, max-video-preview:-1\" \/>\n<link rel=\"canonical\" href=\"https:\/\/dastousprivatewealth.ca\/fr\/terms-of-service\/\" \/>\n<meta property=\"og:locale\" content=\"fr_CA\" \/>\n<meta property=\"og:type\" content=\"article\" \/>\n<meta property=\"og:title\" content=\"Terms of Service - D&rsquo;Astous Private Wealth\" \/>\n<meta property=\"og:description\" content=\"Review the terms of service for D\u2019Astous Private Wealth, outlining our policies, agreements, and guidelines for using our services.\" \/>\n<meta property=\"og:url\" content=\"https:\/\/dastousprivatewealth.ca\/fr\/terms-of-service\/\" \/>\n<meta property=\"og:site_name\" content=\"D&rsquo;Astous Private Wealth\" \/>\n<meta property=\"article:modified_time\" content=\"2025-02-20T12:55:11+00:00\" \/>\n<meta property=\"og:image\" content=\"https:\/\/dastousprivatewealth.ca\/wp-content\/uploads\/2025\/01\/DPW-Meta-URL-Image-png.webp\" \/>\n\t<meta property=\"og:image:width\" content=\"2430\" \/>\n\t<meta property=\"og:image:height\" content=\"1366\" \/>\n\t<meta property=\"og:image:type\" content=\"image\/png\" \/>\n<meta name=\"twitter:card\" content=\"summary_large_image\" \/>\n<meta name=\"twitter:label1\" content=\"Estimation du temps de lecture\" \/>\n\t<meta name=\"twitter:data1\" content=\"2 minutes\" \/>\n<script type=\"application\/ld+json\" class=\"yoast-schema-graph\">{\"@context\":\"https:\\\/\\\/schema.org\",\"@graph\":[{\"@type\":\"WebPage\",\"@id\":\"https:\\\/\\\/dastousprivatewealth.ca\\\/terms-of-service\\\/\",\"url\":\"https:\\\/\\\/dastousprivatewealth.ca\\\/terms-of-service\\\/\",\"name\":\"Terms of Service - D&rsquo;Astous Private Wealth\",\"isPartOf\":{\"@id\":\"https:\\\/\\\/dastousprivatewealth.ca\\\/#website\"},\"primaryImageOfPage\":{\"@id\":\"https:\\\/\\\/dastousprivatewealth.ca\\\/terms-of-service\\\/#primaryimage\"},\"image\":{\"@id\":\"https:\\\/\\\/dastousprivatewealth.ca\\\/terms-of-service\\\/#primaryimage\"},\"thumbnailUrl\":\"https:\\\/\\\/dastousprivatewealth.ca\\\/wp-content\\\/uploads\\\/2025\\\/01\\\/DPW-Meta-URL-Image-png.webp\",\"datePublished\":\"2025-01-16T01:04:43+00:00\",\"dateModified\":\"2025-02-20T12:55:11+00:00\",\"description\":\"Review the terms of service for D\u2019Astous Private Wealth, outlining our policies, agreements, and guidelines for using our services.\",\"breadcrumb\":{\"@id\":\"https:\\\/\\\/dastousprivatewealth.ca\\\/terms-of-service\\\/#breadcrumb\"},\"inLanguage\":\"fr-CA\",\"potentialAction\":[{\"@type\":\"ReadAction\",\"target\":[\"https:\\\/\\\/dastousprivatewealth.ca\\\/terms-of-service\\\/\"]}]},{\"@type\":\"ImageObject\",\"inLanguage\":\"fr-CA\",\"@id\":\"https:\\\/\\\/dastousprivatewealth.ca\\\/terms-of-service\\\/#primaryimage\",\"url\":\"https:\\\/\\\/dastousprivatewealth.ca\\\/wp-content\\\/uploads\\\/2025\\\/01\\\/DPW-Meta-URL-Image-png.webp\",\"contentUrl\":\"https:\\\/\\\/dastousprivatewealth.ca\\\/wp-content\\\/uploads\\\/2025\\\/01\\\/DPW-Meta-URL-Image-png.webp\",\"width\":2430,\"height\":1366,\"caption\":\"Phil and Lee-Ann D\u2019Astous posing in a photography studio\"},{\"@type\":\"BreadcrumbList\",\"@id\":\"https:\\\/\\\/dastousprivatewealth.ca\\\/terms-of-service\\\/#breadcrumb\",\"itemListElement\":[{\"@type\":\"ListItem\",\"position\":1,\"name\":\"Home\",\"item\":\"https:\\\/\\\/dastousprivatewealth.ca\\\/\"},{\"@type\":\"ListItem\",\"position\":2,\"name\":\"Terms of Service\"}]},{\"@type\":\"WebSite\",\"@id\":\"https:\\\/\\\/dastousprivatewealth.ca\\\/#website\",\"url\":\"https:\\\/\\\/dastousprivatewealth.ca\\\/\",\"name\":\"D&rsquo;Astous Private Wealth\",\"description\":\"\",\"potentialAction\":[{\"@type\":\"SearchAction\",\"target\":{\"@type\":\"EntryPoint\",\"urlTemplate\":\"https:\\\/\\\/dastousprivatewealth.ca\\\/?s={search_term_string}\"},\"query-input\":{\"@type\":\"PropertyValueSpecification\",\"valueRequired\":true,\"valueName\":\"search_term_string\"}}],\"inLanguage\":\"fr-CA\"}]}<\/script>\n<!-- \/ Yoast SEO plugin. -->","yoast_head_json":{"title":"Terms of Service - D&rsquo;Astous Private Wealth","description":"Review the terms of service for D\u2019Astous Private Wealth, outlining our policies, agreements, and guidelines for using our services.","robots":{"index":"index","follow":"follow","max-snippet":"max-snippet:-1","max-image-preview":"max-image-preview:large","max-video-preview":"max-video-preview:-1"},"canonical":"https:\/\/dastousprivatewealth.ca\/fr\/terms-of-service\/","og_locale":"fr_CA","og_type":"article","og_title":"Terms of Service - D&rsquo;Astous Private Wealth","og_description":"Review the terms of service for D\u2019Astous Private Wealth, outlining our policies, agreements, and guidelines for using our services.","og_url":"https:\/\/dastousprivatewealth.ca\/fr\/terms-of-service\/","og_site_name":"D&rsquo;Astous Private Wealth","article_modified_time":"2025-02-20T12:55:11+00:00","og_image":[{"width":2430,"height":1366,"url":"https:\/\/dastousprivatewealth.ca\/wp-content\/uploads\/2025\/01\/DPW-Meta-URL-Image-png.webp","type":"image\/png"}],"twitter_card":"summary_large_image","twitter_misc":{"Estimation du temps de lecture":"2 minutes"},"schema":{"@context":"https:\/\/schema.org","@graph":[{"@type":"WebPage","@id":"https:\/\/dastousprivatewealth.ca\/terms-of-service\/","url":"https:\/\/dastousprivatewealth.ca\/terms-of-service\/","name":"Terms of Service - D&rsquo;Astous Private Wealth","isPartOf":{"@id":"https:\/\/dastousprivatewealth.ca\/#website"},"primaryImageOfPage":{"@id":"https:\/\/dastousprivatewealth.ca\/terms-of-service\/#primaryimage"},"image":{"@id":"https:\/\/dastousprivatewealth.ca\/terms-of-service\/#primaryimage"},"thumbnailUrl":"https:\/\/dastousprivatewealth.ca\/wp-content\/uploads\/2025\/01\/DPW-Meta-URL-Image-png.webp","datePublished":"2025-01-16T01:04:43+00:00","dateModified":"2025-02-20T12:55:11+00:00","description":"Review the terms of service for D\u2019Astous Private Wealth, outlining our policies, agreements, and guidelines for using our services.","breadcrumb":{"@id":"https:\/\/dastousprivatewealth.ca\/terms-of-service\/#breadcrumb"},"inLanguage":"fr-CA","potentialAction":[{"@type":"ReadAction","target":["https:\/\/dastousprivatewealth.ca\/terms-of-service\/"]}]},{"@type":"ImageObject","inLanguage":"fr-CA","@id":"https:\/\/dastousprivatewealth.ca\/terms-of-service\/#primaryimage","url":"https:\/\/dastousprivatewealth.ca\/wp-content\/uploads\/2025\/01\/DPW-Meta-URL-Image-png.webp","contentUrl":"https:\/\/dastousprivatewealth.ca\/wp-content\/uploads\/2025\/01\/DPW-Meta-URL-Image-png.webp","width":2430,"height":1366,"caption":"Phil and Lee-Ann D\u2019Astous posing in a photography studio"},{"@type":"BreadcrumbList","@id":"https:\/\/dastousprivatewealth.ca\/terms-of-service\/#breadcrumb","itemListElement":[{"@type":"ListItem","position":1,"name":"Home","item":"https:\/\/dastousprivatewealth.ca\/"},{"@type":"ListItem","position":2,"name":"Terms of Service"}]},{"@type":"WebSite","@id":"https:\/\/dastousprivatewealth.ca\/#website","url":"https:\/\/dastousprivatewealth.ca\/","name":"D&rsquo;Astous Private Wealth","description":"","potentialAction":[{"@type":"SearchAction","target":{"@type":"EntryPoint","urlTemplate":"https:\/\/dastousprivatewealth.ca\/?s={search_term_string}"},"query-input":{"@type":"PropertyValueSpecification","valueRequired":true,"valueName":"search_term_string"}}],"inLanguage":"fr-CA"}]}},"_links":{"self":[{"href":"https:\/\/dastousprivatewealth.ca\/fr\/wp-json\/wp\/v2\/pages\/944","targetHints":{"allow":["GET"]}}],"collection":[{"href":"https:\/\/dastousprivatewealth.ca\/fr\/wp-json\/wp\/v2\/pages"}],"about":[{"href":"https:\/\/dastousprivatewealth.ca\/fr\/wp-json\/wp\/v2\/types\/page"}],"author":[{"embeddable":true,"href":"https:\/\/dastousprivatewealth.ca\/fr\/wp-json\/wp\/v2\/users\/1"}],"replies":[{"embeddable":true,"href":"https:\/\/dastousprivatewealth.ca\/fr\/wp-json\/wp\/v2\/comments?post=944"}],"version-history":[{"count":0,"href":"https:\/\/dastousprivatewealth.ca\/fr\/wp-json\/wp\/v2\/pages\/944\/revisions"}],"wp:featuredmedia":[{"embeddable":true,"href":"https:\/\/dastousprivatewealth.ca\/fr\/wp-json\/wp\/v2\/media\/938"}],"wp:attachment":[{"href":"https:\/\/dastousprivatewealth.ca\/fr\/wp-json\/wp\/v2\/media?parent=944"}],"curies":[{"name":"wp","href":"https:\/\/api.w.org\/{rel}","templated":true}]}}